{"id":1150,"date":"2026-01-27T00:51:18","date_gmt":"2026-01-27T00:51:18","guid":{"rendered":"https:\/\/allthatgerman.com\/kontakt\/"},"modified":"2026-02-10T23:02:47","modified_gmt":"2026-02-10T23:02:47","slug":"kontakt","status":"publish","type":"page","link":"https:\/\/allthatgerman.com\/de\/kontakt\/","title":{"rendered":"Kontakt"},"content":{"rendered":"\t\t<div data-elementor-type=\"wp-page\" data-elementor-id=\"1150\" class=\"elementor elementor-1150 elementor-1105\" data-elementor-post-type=\"page\">\n\t\t\t\t<div class=\"elementor-element elementor-element-aa8e51a e-flex e-con-boxed e-con e-parent\" data-id=\"aa8e51a\" data-element_type=\"container\">\n\t\t\t\t\t<div class=\"e-con-inner\">\n\t\t<div class=\"elementor-element elementor-element-5c1da9f e-con-full e-flex e-con e-child\" data-id=\"5c1da9f\" data-element_type=\"container\">\n\t\t\t\t<div class=\"elementor-element elementor-element-a840a1f elementor-widget elementor-widget-heading\" data-id=\"a840a1f\" data-element_type=\"widget\" data-widget_type=\"heading.default\">\n\t\t\t\t\t<h2 class=\"elementor-heading-title elementor-size-default\">KONTAKT<\/h2>\t\t\t\t<\/div>\n\t\t\t\t<div class=\"elementor-element elementor-element-e03d2b1 elementor-widget elementor-widget-text-editor\" data-id=\"e03d2b1\" data-element_type=\"widget\" data-widget_type=\"text-editor.default\">\n\t\t\t\t\t\t\t\t\t<p>Vielen Dank f\u00fcr Ihr Vertrauen,<br>ich freue mich auf Ihre Anfragen.<\/p>\t\t\t\t\t\t\t\t<\/div>\n\t\t\t\t<\/div>\n\t\t<div class=\"elementor-element elementor-element-01551e6 e-con-full elementor-hidden-tablet elementor-hidden-mobile e-flex e-con e-child\" data-id=\"01551e6\" data-element_type=\"container\">\n\t\t\t\t<\/div>\n\t\t\t\t\t<\/div>\n\t\t\t\t<\/div>\n\t\t<div class=\"elementor-element elementor-element-70583d0 e-flex e-con-boxed e-con e-parent\" data-id=\"70583d0\" data-element_type=\"container\">\n\t\t\t\t\t<div class=\"e-con-inner\">\n\t\t<div class=\"elementor-element elementor-element-ed61281 e-con-full e-flex e-con e-child\" data-id=\"ed61281\" data-element_type=\"container\" data-settings=\"{&quot;background_background&quot;:&quot;classic&quot;}\">\n\t\t<div class=\"elementor-element elementor-element-c99f9f9 e-con-full e-flex e-con e-child\" data-id=\"c99f9f9\" data-element_type=\"container\">\n\t\t\t\t<div class=\"elementor-element elementor-element-4fb4195 elementor-widget elementor-widget-heading\" data-id=\"4fb4195\" data-element_type=\"widget\" data-widget_type=\"heading.default\">\n\t\t\t\t\t<h2 class=\"elementor-heading-title elementor-size-default\">Ich stehe Ihnen zur Verf\u00fcgung<\/h2>\t\t\t\t<\/div>\n\t\t\t\t<div class=\"elementor-element elementor-element-3ef5172 elementor-widget elementor-widget-text-editor\" data-id=\"3ef5172\" data-element_type=\"widget\" data-widget_type=\"text-editor.default\">\n\t\t\t\t\t\t\t\t\t<p data-start=\"24\" data-end=\"281\">Wenn Sie Fragen zu den Kursen haben, k\u00f6nnen Sie mich gerne per E-Mail, Telefon oder \u00fcber das Online-Kontaktformular kontaktieren. Au\u00dferdem freue ich mich \u00fcber Anregungen oder Feedback, um das Angebot entsprechend Ihren Bed\u00fcrfnissen zu verbessern. <\/p><p data-start=\"283\" data-end=\"346\" data-is-last-node=\"\" data-is-only-node=\"\">Vielen Dank f\u00fcr Ihr Vertrauen, und ich freue mich auf Ihre Anfragen.<\/p>\t\t\t\t\t\t\t\t<\/div>\n\t\t\t\t<\/div>\n\t\t<div class=\"elementor-element elementor-element-000a9d0 e-con-full e-flex e-con e-child\" data-id=\"000a9d0\" data-element_type=\"container\">\n\t\t\t\t<div class=\"elementor-element elementor-element-30509f0 elementor-widget elementor-widget-wpforms\" data-id=\"30509f0\" data-element_type=\"widget\" data-widget_type=\"wpforms.default\">\n\t\t\t\t<div class=\"elementor-widget-container\">\n\t\t\t\t\t<style id=\"wpforms-css-vars-elementor-widget-30509f0\">\n\t\t\t\t.elementor-widget-wpforms.elementor-element-30509f0 {\n\t\t\t\t--wpforms-field-border-radius: 30px;\n--wpforms-field-border-color: #cbc6c2;\n--wpforms-field-border-color-spare: #cbc6c2;\n--wpforms-field-text-color: #3d3835;\n--wpforms-label-color: #3d3835;\n--wpforms-label-sublabel-color: #79716b;\n--wpforms-label-error-color: #d63636;\n--wpforms-button-border-radius: 60px;\n--wpforms-button-background-color: #e27730;\n--wpforms-button-border-color: #ff4500;\n--wpforms-button-text-color: #fcf1ea;\n--wpforms-page-break-color: #e27730;\n\t\t\t}\n\t\t\t<\/style><div class=\"wpforms-container wpforms-container-full wpforms-render-modern\" id=\"wpforms-512\"><form id=\"wpforms-form-512\" class=\"wpforms-validate wpforms-form wpforms-ajax-form\" data-formid=\"512\" method=\"post\" enctype=\"multipart\/form-data\" action=\"\/de\/wp-json\/wp\/v2\/pages\/1150\" data-token=\"d774913911e7fceb54517dda2c7b055e\" data-token-time=\"1776422152\"><noscript class=\"wpforms-error-noscript\">Bitte aktiviere JavaScript in deinem Browser, um dieses Formular fertigzustellen.<\/noscript><div id=\"wpforms-error-noscript\" style=\"display: none;\">Bitte aktiviere JavaScript in deinem Browser, um dieses Formular fertigzustellen.<\/div><div class=\"wpforms-field-container\">\t\t<div id=\"wpforms-512-field_1-container\"\n\t\t\tclass=\"wpforms-field wpforms-field-text\"\n\t\t\tdata-field-type=\"text\"\n\t\t\tdata-field-id=\"1\"\n\t\t\t>\n\t\t\t<label class=\"wpforms-field-label\" for=\"wpforms-512-field_1\" >E-Mail Layout Nachname<\/label>\n\t\t\t<input type=\"text\" id=\"wpforms-512-field_1\" class=\"wpforms-field-medium\" name=\"wpforms[fields][1]\" >\n\t\t<\/div>\n\t\t<div id=\"wpforms-512-field_4-container\" class=\"wpforms-field wpforms-field-layout\" data-field-id=\"4\"><div class=\"wpforms-field-layout-rows wpforms-field-large\"><div class=\"wpforms-layout-row\"><div class=\"wpforms-layout-column wpforms-layout-column-50\"><div id=\"wpforms-512-field_5-container\" class=\"wpforms-field wpforms-field-text\" data-field-id=\"5\"><label class=\"wpforms-field-label\" for=\"wpforms-512-field_5\">Vorname<\/label><input type=\"text\" id=\"wpforms-512-field_5\" class=\"wpforms-field-medium\" name=\"wpforms[fields][5]\" placeholder=\"Vorname\" aria-errormessage=\"wpforms-512-field_5-error\" ><\/div><\/div><div class=\"wpforms-layout-column wpforms-layout-column-50\"><div id=\"wpforms-512-field_6-container\" class=\"wpforms-field wpforms-field-text\" data-field-id=\"6\"><label class=\"wpforms-field-label\" for=\"wpforms-512-field_6\">Nachname<\/label><input type=\"text\" id=\"wpforms-512-field_6\" class=\"wpforms-field-medium\" name=\"wpforms[fields][6]\" placeholder=\"Nachname\" aria-errormessage=\"wpforms-512-field_6-error\" ><\/div><\/div><\/div><\/div><\/div><div id=\"wpforms-512-field_2-container\" class=\"wpforms-field wpforms-field-email\" data-field-id=\"2\"><label class=\"wpforms-field-label\" for=\"wpforms-512-field_2\">E-Mail <span class=\"wpforms-required-label\" aria-hidden=\"true\">*<\/span><\/label><input type=\"email\" id=\"wpforms-512-field_2\" class=\"wpforms-field-large wpforms-field-required\" name=\"wpforms[fields][2]\" placeholder=\"E-Mail\" spellcheck=\"false\" aria-errormessage=\"wpforms-512-field_2-error\" required><\/div><div id=\"wpforms-512-field_3-container\" class=\"wpforms-field wpforms-field-textarea\" data-field-id=\"3\"><label class=\"wpforms-field-label\" for=\"wpforms-512-field_3\">Nachricht<\/label><textarea id=\"wpforms-512-field_3\" class=\"wpforms-field-medium\" name=\"wpforms[fields][3]\" placeholder=\"Nachricht\" aria-errormessage=\"wpforms-512-field_3-error\" ><\/textarea><\/div><script>\n\t\t\t\t( function() {\n\t\t\t\t\tconst style = document.createElement( 'style' );\n\t\t\t\t\tstyle.appendChild( document.createTextNode( '#wpforms-512-field_1-container { position: absolute !important; overflow: hidden !important; display: inline !important; height: 1px !important; width: 1px !important; z-index: -1000 !important; padding: 0 !important; } #wpforms-512-field_1-container input { visibility: hidden; } #wpforms-conversational-form-page #wpforms-512-field_1-container label { counter-increment: none; }' ) );\n\t\t\t\t\tdocument.head.appendChild( style );\n\t\t\t\t\tdocument.currentScript?.remove();\n\t\t\t\t} )();\n\t\t\t<\/script><\/div><!-- .wpforms-field-container --><div class=\"wpforms-submit-container\" ><input type=\"hidden\" name=\"wpforms[id]\" value=\"512\"><input type=\"hidden\" name=\"page_title\" value=\"\"><input type=\"hidden\" name=\"page_url\" value=\"https:\/\/allthatgerman.com\/de\/wp-json\/wp\/v2\/pages\/1150\"><input type=\"hidden\" name=\"url_referer\" value=\"\"><button type=\"submit\" name=\"wpforms[submit]\" id=\"wpforms-submit-512\" class=\"wpforms-submit\" data-alt-text=\"Wird gesendet...\" data-submit-text=\"Senden\" aria-live=\"assertive\" value=\"wpforms-submit\">Senden<\/button><img decoding=\"async\" src=\"https:\/\/allthatgerman.com\/wp-content\/plugins\/wpforms\/assets\/images\/submit-spin.svg\" class=\"wpforms-submit-spinner\" style=\"display: none;\" width=\"26\" height=\"26\" alt=\"Wird geladen\"><\/div><\/form><\/div>  <!-- .wpforms-container -->\t\t\t\t<\/div>\n\t\t\t\t<\/div>\n\t\t\t\t<\/div>\n\t\t\t\t<\/div>\n\t\t\t\t\t<\/div>\n\t\t\t\t<\/div>\n\t\t\t\t<\/div>\n\t\t","protected":false},"excerpt":{"rendered":"<p>KONTAKT Vielen Dank f\u00fcr Ihr Vertrauen,ich freue mich auf Ihre Anfragen. Ich stehe Ihnen zur Verf\u00fcgung Wenn Sie Fragen zu den Kursen haben, k\u00f6nnen Sie mich gerne per E-Mail, Telefon oder \u00fcber das Online-Kontaktformular kontaktieren. Au\u00dferdem freue ich mich \u00fcber Anregungen oder Feedback, um das Angebot entsprechend Ihren Bed\u00fcrfnissen zu verbessern. Vielen Dank f\u00fcr Ihr [&hellip;]<\/p>\n","protected":false},"author":1,"featured_media":0,"parent":0,"menu_order":0,"comment_status":"closed","ping_status":"closed","template":"","meta":{"_acf_changed":false,"inline_featured_image":false,"footnotes":""},"class_list":["post-1150","page","type-page","status-publish","hentry"],"acf":[],"_links":{"self":[{"href":"https:\/\/allthatgerman.com\/de\/wp-json\/wp\/v2\/pages\/1150","targetHints":{"allow":["GET"]}}],"collection":[{"href":"https:\/\/allthatgerman.com\/de\/wp-json\/wp\/v2\/pages"}],"about":[{"href":"https:\/\/allthatgerman.com\/de\/wp-json\/wp\/v2\/types\/page"}],"author":[{"embeddable":true,"href":"https:\/\/allthatgerman.com\/de\/wp-json\/wp\/v2\/users\/1"}],"replies":[{"embeddable":true,"href":"https:\/\/allthatgerman.com\/de\/wp-json\/wp\/v2\/comments?post=1150"}],"version-history":[{"count":9,"href":"https:\/\/allthatgerman.com\/de\/wp-json\/wp\/v2\/pages\/1150\/revisions"}],"predecessor-version":[{"id":1183,"href":"https:\/\/allthatgerman.com\/de\/wp-json\/wp\/v2\/pages\/1150\/revisions\/1183"}],"wp:attachment":[{"href":"https:\/\/allthatgerman.com\/de\/wp-json\/wp\/v2\/media?parent=1150"}],"curies":[{"name":"wp","href":"https:\/\/api.w.org\/{rel}","templated":true}]}}