{"id":1184,"date":"2026-01-27T13:31:37","date_gmt":"2026-01-27T13:31:37","guid":{"rendered":"https:\/\/allthatgerman.com\/ueber-uns\/"},"modified":"2026-02-12T02:01:28","modified_gmt":"2026-02-12T02:01:28","slug":"ueber-uns","status":"publish","type":"page","link":"https:\/\/allthatgerman.com\/de\/ueber-uns\/","title":{"rendered":"\u00dcber mich"},"content":{"rendered":"\t\t<div data-elementor-type=\"wp-page\" data-elementor-id=\"1184\" class=\"elementor elementor-1184 elementor-559\" data-elementor-post-type=\"page\">\n\t\t\t\t<div class=\"elementor-element elementor-element-d81204a e-flex e-con-boxed e-con e-parent\" data-id=\"d81204a\" data-element_type=\"container\">\n\t\t\t\t\t<div class=\"e-con-inner\">\n\t\t<div class=\"elementor-element elementor-element-bb2bd0d e-con-full e-flex e-con e-child\" data-id=\"bb2bd0d\" data-element_type=\"container\">\n\t\t\t\t<div class=\"elementor-element elementor-element-0ad15fb elementor-widget elementor-widget-heading\" data-id=\"0ad15fb\" data-element_type=\"widget\" data-widget_type=\"heading.default\">\n\t\t\t\t\t<h2 class=\"elementor-heading-title elementor-size-default\">\u00dcber mich<\/h2>\t\t\t\t<\/div>\n\t\t\t\t<div class=\"elementor-element elementor-element-b7fb833 elementor-widget elementor-widget-text-editor\" data-id=\"b7fb833\" data-element_type=\"widget\" data-widget_type=\"text-editor.default\">\n\t\t\t\t\t\t\t\t\t<p>Vielen Dank f\u00fcr Ihr Vertrauen.<br>Wir freuen uns darauf, mit Ihnen in Kontakt zu treten. <\/p>\t\t\t\t\t\t\t\t<\/div>\n\t\t\t\t<\/div>\n\t\t<div class=\"elementor-element elementor-element-f0deed9 e-con-full elementor-hidden-tablet elementor-hidden-mobile e-flex e-con e-child\" data-id=\"f0deed9\" data-element_type=\"container\">\n\t\t\t\t<\/div>\n\t\t\t\t\t<\/div>\n\t\t\t\t<\/div>\n\t\t<div class=\"elementor-element elementor-element-b2665b0 e-flex e-con-boxed e-con e-parent\" data-id=\"b2665b0\" data-element_type=\"container\">\n\t\t\t\t\t<div class=\"e-con-inner\">\n\t\t<div class=\"elementor-element elementor-element-04d8914 e-con-full e-flex e-con e-child\" data-id=\"04d8914\" data-element_type=\"container\">\n\t\t<div class=\"elementor-element elementor-element-17f3c75 e-con-full e-flex e-con e-child\" data-id=\"17f3c75\" data-element_type=\"container\" data-settings=\"{&quot;background_background&quot;:&quot;slideshow&quot;,&quot;background_slideshow_gallery&quot;:[{&quot;id&quot;:1139,&quot;url&quot;:&quot;https:\\\/\\\/allthatgerman.com\\\/wp-content\\\/uploads\\\/2026\\\/01\\\/Tatjana_Jovanovic_Skola_Nemackog_Jezika-q31g18e6l59k3nm6qjxfv498bs9wb39zx7grnoo4go1.jpg&quot;}],&quot;background_slideshow_loop&quot;:&quot;yes&quot;,&quot;background_slideshow_slide_duration&quot;:5000,&quot;background_slideshow_slide_transition&quot;:&quot;fade&quot;,&quot;background_slideshow_transition_duration&quot;:500}\">\n\t\t\t\t<\/div>\n\t\t<div class=\"elementor-element elementor-element-56107a5 e-con-full e-flex e-con e-child\" data-id=\"56107a5\" data-element_type=\"container\" data-settings=\"{&quot;background_background&quot;:&quot;classic&quot;}\">\n\t\t\t\t<div class=\"elementor-element elementor-element-e268b02 elementor-widget elementor-widget-heading\" data-id=\"e268b02\" data-element_type=\"widget\" data-widget_type=\"heading.default\">\n\t\t\t\t\t<h2 class=\"elementor-heading-title elementor-size-default\">Erfahren Sie mehr \u00fcber mich<\/h2>\t\t\t\t<\/div>\n\t\t\t\t<div class=\"elementor-element elementor-element-ca7f2b0 elementor-widget elementor-widget-text-editor\" data-id=\"ca7f2b0\" data-element_type=\"widget\" data-widget_type=\"text-editor.default\">\n\t\t\t\t\t\t\t\t\t<p data-start=\"111\" data-end=\"341\"><em>Mein Name ist <strong>Tatjana Jovanovi\u0107<\/strong>. Ich bin in Bayern geboren, habe aber einen Gro\u00dfteil meines Lebens in Nordrhein-Westfalen verbracht, n\u00e4mlich in D\u00fcsseldorf, wo ich an der Heinrich-Heine-Universit\u00e4t Germanistik und Anglistik als Nebenfach studiert habe <\/em><\/p><p data-start=\"343\" data-end=\"629\"><em>W\u00e4hrend meines Studiums sammelte ich Erfahrungen als Lehrerin f\u00fcr Deutsch als Fremdsprache und arbeitete mit Sch\u00fclern aller Altersgruppen und Nationalit\u00e4ten. Um den Bed\u00fcrfnissen meiner Sch\u00fcler besser gerecht zu werden, absolvierte ich eine Ausbildung zur Lehrerin f\u00fcr Deutsch als Fremdsprache am Goethe-Institut <\/em><\/p><p data-start=\"631\" data-end=\"893\"><em>Im Rahmen meiner T\u00e4tigkeit als Angestellte des Instituts f\u00fcr Fremdsprachen bot ich online-Kurse f\u00fcr leitende Fachkr\u00e4fte an, die in deutschen Unternehmen in meinem Land t\u00e4tig waren. Dabei nutzte ich mein Wissen und meine Erfahrung, um den Teilnehmern zu mehr Selbstvertrauen in ihren Sprachkenntnissen zu verhelfen. <\/em><\/p>\t\t\t\t\t\t\t\t<\/div>\n\t\t\t\t<\/div>\n\t\t\t\t<\/div>\n\t\t\t\t\t<\/div>\n\t\t\t\t<\/div>\n\t\t<div class=\"elementor-element elementor-element-3a47475 e-flex e-con-boxed e-con e-parent\" data-id=\"3a47475\" data-element_type=\"container\">\n\t\t\t\t\t<div class=\"e-con-inner\">\n\t\t<div class=\"elementor-element elementor-element-61f9229 e-con-full e-flex e-con e-child\" data-id=\"61f9229\" data-element_type=\"container\">\n\t\t\t\t<div class=\"elementor-element elementor-element-3fb6765 elementor-widget elementor-widget-heading\" data-id=\"3fb6765\" data-element_type=\"widget\" data-widget_type=\"heading.default\">\n\t\t\t\t\t<h2 class=\"elementor-heading-title elementor-size-default\">Mission, Vision und Werte<\/h2>\t\t\t\t<\/div>\n\t\t\t\t<\/div>\n\t\t\t\t\t<\/div>\n\t\t\t\t<\/div>\n\t\t<div class=\"elementor-element elementor-element-b32b2c6 e-flex e-con-boxed e-con e-parent\" data-id=\"b32b2c6\" data-element_type=\"container\">\n\t\t\t\t\t<div class=\"e-con-inner\">\n\t\t<div class=\"elementor-element elementor-element-39a38fa e-con-full e-flex e-con e-child\" data-id=\"39a38fa\" data-element_type=\"container\" data-settings=\"{&quot;background_background&quot;:&quot;classic&quot;}\">\n\t\t\t\t<div class=\"elementor-element elementor-element-c527db1 elementor-view-default elementor-widget elementor-widget-icon\" data-id=\"c527db1\" data-element_type=\"widget\" data-widget_type=\"icon.default\">\n\t\t\t\t\t\t\t<div class=\"elementor-icon-wrapper\">\n\t\t\t<div class=\"elementor-icon\">\n\t\t\t<i aria-hidden=\"true\" class=\"far fa-user\"><\/i>\t\t\t<\/div>\n\t\t<\/div>\n\t\t\t\t\t\t<\/div>\n\t\t\t\t<div class=\"elementor-element elementor-element-966dcd3 elementor-widget elementor-widget-heading\" data-id=\"966dcd3\" data-element_type=\"widget\" data-widget_type=\"heading.default\">\n\t\t\t\t\t<h2 class=\"elementor-heading-title elementor-size-default\">Mission<\/h2>\t\t\t\t<\/div>\n\t\t\t\t<div class=\"elementor-element elementor-element-0903a95 elementor-widget elementor-widget-text-editor\" data-id=\"0903a95\" data-element_type=\"widget\" data-widget_type=\"text-editor.default\">\n\t\t\t\t\t\t\t\t\t<p data-start=\"111\" data-end=\"341\">Meine Mission ist es, allen meinen Sch\u00fclern qualitativ hochwertige Kurse anzubieten und sie dabei zu unterst\u00fctzen, ihre F\u00e4higkeiten im Sprechen, Lesen und Schreiben der deutschen Sprache zu verbessern. Ich m\u00f6chte meine Sch\u00fcler ermutigen, aktiv am Lernprozess teilzunehmen, kreativ zu sein und eine positive Einstellung zum Lernen zu bewahren. <\/p>\t\t\t\t\t\t\t\t<\/div>\n\t\t\t\t<\/div>\n\t\t<div class=\"elementor-element elementor-element-38158f8 e-con-full e-flex e-con e-child\" data-id=\"38158f8\" data-element_type=\"container\" data-settings=\"{&quot;background_background&quot;:&quot;classic&quot;}\">\n\t\t\t\t<div class=\"elementor-element elementor-element-3b358bb elementor-view-default elementor-widget elementor-widget-icon\" data-id=\"3b358bb\" data-element_type=\"widget\" data-widget_type=\"icon.default\">\n\t\t\t\t\t\t\t<div class=\"elementor-icon-wrapper\">\n\t\t\t<div class=\"elementor-icon\">\n\t\t\t<i aria-hidden=\"true\" class=\"far fa-check-circle\"><\/i>\t\t\t<\/div>\n\t\t<\/div>\n\t\t\t\t\t\t<\/div>\n\t\t\t\t<div class=\"elementor-element elementor-element-347ab87 elementor-widget elementor-widget-heading\" data-id=\"347ab87\" data-element_type=\"widget\" data-widget_type=\"heading.default\">\n\t\t\t\t\t<h2 class=\"elementor-heading-title elementor-size-default\">Vision<\/h2>\t\t\t\t<\/div>\n\t\t\t\t<div class=\"elementor-element elementor-element-f22a60e elementor-widget elementor-widget-text-editor\" data-id=\"f22a60e\" data-element_type=\"widget\" data-widget_type=\"text-editor.default\">\n\t\t\t\t\t\t\t\t\t<p data-start=\"111\" data-end=\"341\">Meine Vision als Deutschlehrerin ist, dass jeder Sch\u00fcler Vertrauen in das Sprechen, Lesen und Schreiben der deutschen Sprache entwickelt. Ich m\u00f6chte, dass meine Sch\u00fcler nicht nur Sprachkenntnisse erwerben, sondern auch ein tiefes Verst\u00e4ndnis f\u00fcr die deutsche Kultur und Gesellschaft entwickeln. <\/p>\t\t\t\t\t\t\t\t<\/div>\n\t\t\t\t<\/div>\n\t\t<div class=\"elementor-element elementor-element-055a78f e-con-full e-flex e-con e-child\" data-id=\"055a78f\" data-element_type=\"container\" data-settings=\"{&quot;background_background&quot;:&quot;classic&quot;}\">\n\t\t\t\t<div class=\"elementor-element elementor-element-f9b6997 elementor-view-default elementor-widget elementor-widget-icon\" data-id=\"f9b6997\" data-element_type=\"widget\" data-widget_type=\"icon.default\">\n\t\t\t\t\t\t\t<div class=\"elementor-icon-wrapper\">\n\t\t\t<div class=\"elementor-icon\">\n\t\t\t<i aria-hidden=\"true\" class=\"fas fa-language\"><\/i>\t\t\t<\/div>\n\t\t<\/div>\n\t\t\t\t\t\t<\/div>\n\t\t\t\t<div class=\"elementor-element elementor-element-cd71e43 elementor-widget elementor-widget-heading\" data-id=\"cd71e43\" data-element_type=\"widget\" data-widget_type=\"heading.default\">\n\t\t\t\t\t<h2 class=\"elementor-heading-title elementor-size-default\">Werte<\/h2>\t\t\t\t<\/div>\n\t\t\t\t<div class=\"elementor-element elementor-element-ebb6124 elementor-widget elementor-widget-text-editor\" data-id=\"ebb6124\" data-element_type=\"widget\" data-widget_type=\"text-editor.default\">\n\t\t\t\t\t\t\t\t\t<p data-start=\"111\" data-end=\"341\">Meine Werte als Deutschlehrerin sind Engagement, Qualit\u00e4t, Inklusivit\u00e4t, Kreativit\u00e4t und Offenheit. Ich engagiere mich f\u00fcr meine Sch\u00fcler und ihren Fortschritt beim Deutschlernen und strebe stets danach, die bestm\u00f6gliche Unterst\u00fctzung und Anleitung zu bieten. <\/p>\t\t\t\t\t\t\t\t<\/div>\n\t\t\t\t<\/div>\n\t\t\t\t\t<\/div>\n\t\t\t\t<\/div>\n\t\t\t\t<\/div>\n\t\t","protected":false},"excerpt":{"rendered":"<p>Vielen Dank f\u00fcr Ihr Vertrauen.Wir freuen uns darauf, mit Ihnen in Kontakt zu treten. Erfahren Sie mehr \u00fcber mich Mein Name ist Tatjana Jovanovi\u0107. Ich bin in Bayern geboren, habe aber einen Gro\u00dfteil meines Lebens in Nordrhein-Westfalen verbracht, n\u00e4mlich in D\u00fcsseldorf, wo ich an der Heinrich-Heine-Universit\u00e4t Germanistik und Anglistik als Nebenfach studiert habe W\u00e4hrend meines [&hellip;]<\/p>\n","protected":false},"author":1,"featured_media":0,"parent":0,"menu_order":0,"comment_status":"closed","ping_status":"closed","template":"","meta":{"_acf_changed":false,"inline_featured_image":false,"footnotes":""},"class_list":["post-1184","page","type-page","status-publish","hentry"],"acf":[],"_links":{"self":[{"href":"https:\/\/allthatgerman.com\/de\/wp-json\/wp\/v2\/pages\/1184","targetHints":{"allow":["GET"]}}],"collection":[{"href":"https:\/\/allthatgerman.com\/de\/wp-json\/wp\/v2\/pages"}],"about":[{"href":"https:\/\/allthatgerman.com\/de\/wp-json\/wp\/v2\/types\/page"}],"author":[{"embeddable":true,"href":"https:\/\/allthatgerman.com\/de\/wp-json\/wp\/v2\/users\/1"}],"replies":[{"embeddable":true,"href":"https:\/\/allthatgerman.com\/de\/wp-json\/wp\/v2\/comments?post=1184"}],"version-history":[{"count":3,"href":"https:\/\/allthatgerman.com\/de\/wp-json\/wp\/v2\/pages\/1184\/revisions"}],"predecessor-version":[{"id":1330,"href":"https:\/\/allthatgerman.com\/de\/wp-json\/wp\/v2\/pages\/1184\/revisions\/1330"}],"wp:attachment":[{"href":"https:\/\/allthatgerman.com\/de\/wp-json\/wp\/v2\/media?parent=1184"}],"curies":[{"name":"wp","href":"https:\/\/api.w.org\/{rel}","templated":true}]}}