{"id":1196,"date":"2026-02-06T10:59:47","date_gmt":"2026-02-06T10:59:47","guid":{"rendered":"https:\/\/allthatgerman.com\/kursanmeldung\/"},"modified":"2026-02-11T01:39:52","modified_gmt":"2026-02-11T01:39:52","slug":"kursanmeldung","status":"publish","type":"page","link":"https:\/\/allthatgerman.com\/de\/kursanmeldung\/","title":{"rendered":"Kursanmeldung"},"content":{"rendered":"\t\t<div data-elementor-type=\"wp-page\" data-elementor-id=\"1196\" class=\"elementor elementor-1196 elementor-1061\" data-elementor-post-type=\"page\">\n\t\t\t\t<div class=\"elementor-element elementor-element-61a1da2 e-flex e-con-boxed e-con e-parent\" data-id=\"61a1da2\" data-element_type=\"container\">\n\t\t\t\t\t<div class=\"e-con-inner\">\n\t\t<div class=\"elementor-element elementor-element-2ad9845 e-con-full e-flex e-con e-child\" data-id=\"2ad9845\" data-element_type=\"container\">\n\t\t\t\t<div class=\"elementor-element elementor-element-00d3c5f elementor-widget elementor-widget-heading\" data-id=\"00d3c5f\" data-element_type=\"widget\" data-widget_type=\"heading.default\">\n\t\t\t\t\t<h2 class=\"elementor-heading-title elementor-size-default\">KURSANMELDUNG<\/h2>\t\t\t\t<\/div>\n\t\t\t\t<div class=\"elementor-element elementor-element-a7c29c5 elementor-widget elementor-widget-text-editor\" data-id=\"a7c29c5\" data-element_type=\"widget\" data-widget_type=\"text-editor.default\">\n\t\t\t\t\t\t\t\t\t<p>Vielen Dank f\u00fcr Ihr Vertrauen,<br>ich freue mich auf Ihre Anfragen.<\/p>\t\t\t\t\t\t\t\t<\/div>\n\t\t\t\t<\/div>\n\t\t<div class=\"elementor-element elementor-element-6e4e79d e-con-full elementor-hidden-tablet elementor-hidden-mobile e-flex e-con e-child\" data-id=\"6e4e79d\" data-element_type=\"container\">\n\t\t\t\t<\/div>\n\t\t\t\t\t<\/div>\n\t\t\t\t<\/div>\n\t\t<div class=\"elementor-element elementor-element-c7034e7 e-flex e-con-boxed e-con e-parent\" data-id=\"c7034e7\" data-element_type=\"container\">\n\t\t\t\t\t<div class=\"e-con-inner\">\n\t\t<div class=\"elementor-element elementor-element-1d4dfa2 e-con-full e-flex e-con e-child\" data-id=\"1d4dfa2\" data-element_type=\"container\" data-settings=\"{&quot;background_background&quot;:&quot;classic&quot;}\">\n\t\t<div class=\"elementor-element elementor-element-5a0671f e-con-full e-flex e-con e-child\" data-id=\"5a0671f\" data-element_type=\"container\">\n\t\t\t\t<div class=\"elementor-element elementor-element-070a6ff elementor-widget elementor-widget-heading\" data-id=\"070a6ff\" data-element_type=\"widget\" data-widget_type=\"heading.default\">\n\t\t\t\t\t<h2 class=\"elementor-heading-title elementor-size-default\">Kursanmeldung<\/h2>\t\t\t\t<\/div>\n\t\t\t\t<div class=\"elementor-element elementor-element-841f113 elementor-widget elementor-widget-text-editor\" data-id=\"841f113\" data-element_type=\"widget\" data-widget_type=\"text-editor.default\">\n\t\t\t\t\t\t\t\t\t<p data-start=\"525\" data-end=\"728\">Um sich f\u00fcr den Kurs anzumelden, f\u00fcllen Sie bitte das untenstehende Formular mit Ihren Daten aus. Nach dem Absenden des Formulars werden wir Ihre Anmeldung pr\u00fcfen und uns in K\u00fcrze mit allen relevanten Informationen bei Ihnen melden.<\/p><p data-start=\"735\" data-end=\"815\">Vielen Dank f\u00fcr Ihr Interesse, und wir freuen uns darauf, Sie im Kurs willkommen zu hei\u00dfen.<\/p>\t\t\t\t\t\t\t\t<\/div>\n\t\t\t\t<\/div>\n\t\t<div class=\"elementor-element elementor-element-2ebbd5d e-con-full e-flex e-con e-child\" data-id=\"2ebbd5d\" data-element_type=\"container\">\n\t\t\t\t<div class=\"elementor-element elementor-element-f05d249 elementor-widget elementor-widget-wpforms\" data-id=\"f05d249\" data-element_type=\"widget\" data-widget_type=\"wpforms.default\">\n\t\t\t\t<div class=\"elementor-widget-container\">\n\t\t\t\t\t<style id=\"wpforms-css-vars-elementor-widget-f05d249\">\n\t\t\t\t.elementor-widget-wpforms.elementor-element-f05d249 {\n\t\t\t\t--wpforms-field-border-radius: 30px;\n--wpforms-field-border-color: #cbc6c2;\n--wpforms-field-border-color-spare: #cbc6c2;\n--wpforms-field-text-color: #3d3835;\n--wpforms-label-color: #3d3835;\n--wpforms-label-sublabel-color: #79716b;\n--wpforms-label-error-color: #d63636;\n--wpforms-button-border-radius: 60px;\n--wpforms-button-background-color: #e27730;\n--wpforms-button-border-color: #ff4500;\n--wpforms-button-text-color: #fcf1ea;\n--wpforms-page-break-color: #e27730;\n\t\t\t}\n\t\t\t<\/style><div class=\"wpforms-container wpforms-container-full wpforms-render-modern\" id=\"wpforms-374\"><form id=\"wpforms-form-374\" class=\"wpforms-validate wpforms-form wpforms-ajax-form\" data-formid=\"374\" method=\"post\" enctype=\"multipart\/form-data\" action=\"\/de\/wp-json\/wp\/v2\/pages\/1196\" data-token=\"afffdfe46752c5e0742798cfff1ac590\" data-token-time=\"1776764582\"><noscript class=\"wpforms-error-noscript\">Bitte aktiviere JavaScript in deinem Browser, um dieses Formular fertigzustellen.<\/noscript><div id=\"wpforms-error-noscript\" style=\"display: none;\">Bitte aktiviere JavaScript in deinem Browser, um dieses Formular fertigzustellen.<\/div><div class=\"wpforms-field-container\">\t\t<div id=\"wpforms-374-field_2-container\"\n\t\t\tclass=\"wpforms-field wpforms-field-text\"\n\t\t\tdata-field-type=\"text\"\n\t\t\tdata-field-id=\"2\"\n\t\t\t>\n\t\t\t<label class=\"wpforms-field-label\" for=\"wpforms-374-field_2\" >Deutsch? welchem eine<\/label>\n\t\t\t<input type=\"text\" id=\"wpforms-374-field_2\" class=\"wpforms-field-medium\" name=\"wpforms[fields][2]\" >\n\t\t<\/div>\n\t\t<div id=\"wpforms-374-field_1-container\" class=\"wpforms-field wpforms-field-layout\" data-field-id=\"1\"><div class=\"wpforms-field-layout-rows wpforms-field-large\"><div class=\"wpforms-layout-row\"><div class=\"wpforms-layout-column wpforms-layout-column-50\"><div id=\"wpforms-374-field_3-container\" class=\"wpforms-field wpforms-field-text\" data-field-id=\"3\"><label class=\"wpforms-field-label\" for=\"wpforms-374-field_3\">Vorname<\/label><input type=\"text\" id=\"wpforms-374-field_3\" class=\"wpforms-field-medium\" name=\"wpforms[fields][3]\" placeholder=\"Vorname\" aria-errormessage=\"wpforms-374-field_3-error\" ><\/div><\/div><div class=\"wpforms-layout-column wpforms-layout-column-50\"><div id=\"wpforms-374-field_4-container\" class=\"wpforms-field wpforms-field-text\" data-field-id=\"4\"><label class=\"wpforms-field-label\" for=\"wpforms-374-field_4\">Nachname<\/label><input type=\"text\" id=\"wpforms-374-field_4\" class=\"wpforms-field-medium\" name=\"wpforms[fields][4]\" placeholder=\"Nachname\" aria-errormessage=\"wpforms-374-field_4-error\" ><\/div><\/div><\/div><div class=\"wpforms-layout-row\"><div class=\"wpforms-layout-column wpforms-layout-column-50\"><div id=\"wpforms-374-field_7-container\" class=\"wpforms-field wpforms-field-phone\" data-field-id=\"7\"><label class=\"wpforms-field-label\" for=\"wpforms-374-field_7\">Telefonnummer<\/label><input type=\"tel\" id=\"wpforms-374-field_7\" class=\"wpforms-field-medium wpforms-smart-phone-field\" data-rule-smart-phone-field=\"true\" name=\"wpforms[fields][7]\" aria-label=\"Telefonnummer\" aria-errormessage=\"wpforms-374-field_7-error\" ><\/div><\/div><div class=\"wpforms-layout-column wpforms-layout-column-50\"><div id=\"wpforms-374-field_8-container\" class=\"wpforms-field wpforms-field-email\" data-field-id=\"8\"><label class=\"wpforms-field-label\" for=\"wpforms-374-field_8\">E-Mail <span class=\"wpforms-required-label\" aria-hidden=\"true\">*<\/span><\/label><input type=\"email\" id=\"wpforms-374-field_8\" class=\"wpforms-field-medium wpforms-field-required\" name=\"wpforms[fields][8]\" placeholder=\"E-Mail\" spellcheck=\"false\" aria-errormessage=\"wpforms-374-field_8-error\" required><\/div><\/div><\/div><div class=\"wpforms-layout-row\"><div class=\"wpforms-layout-column wpforms-layout-column-50\"><div id=\"wpforms-374-field_9-container\" class=\"wpforms-field wpforms-field-select wpforms-field-select-style-modern\" data-field-id=\"9\"><label class=\"wpforms-field-label\" for=\"wpforms-374-field_9\">W\u00e4hlen Sie Ihr Sprachniveau<\/label><select id=\"wpforms-374-field_9\" class=\"wpforms-field-large choicesjs-select\" data-size-class=\"wpforms-field-row wpforms-field-large\" data-search-enabled=\"\" name=\"wpforms[fields][9]\"><option value=\"\" class=\"placeholder\" disabled  selected='selected'>W\u00e4hlen Sie Ihr Sprachniveau<\/option><option value=\"A1\"  class=\"choice-1 depth-1\"  >A1<\/option><option value=\"A2\"  class=\"choice-2 depth-1\"  >A2<\/option><option value=\"B1\"  class=\"choice-3 depth-1\"  >B1<\/option><option value=\"B2\"  class=\"choice-4 depth-1\"  >B2<\/option><option value=\"C1\"  class=\"choice-5 depth-1\"  >C1<\/option><\/select><\/div><\/div><div class=\"wpforms-layout-column wpforms-layout-column-50\"><div id=\"wpforms-374-field_10-container\" class=\"wpforms-field wpforms-field-text\" data-field-id=\"10\"><label class=\"wpforms-field-label\" for=\"wpforms-374-field_10\">Haben Sie bereits Vorkenntnisse in Deutsch?<\/label><input type=\"text\" id=\"wpforms-374-field_10\" class=\"wpforms-field-large\" name=\"wpforms[fields][10]\" placeholder=\"Haben Sie bereits Vorkenntnisse in Deutsch?\" aria-errormessage=\"wpforms-374-field_10-error\" ><\/div><\/div><\/div><div class=\"wpforms-layout-row\"><div class=\"wpforms-layout-column wpforms-layout-column-50\"><div id=\"wpforms-374-field_11-container\" class=\"wpforms-field wpforms-field-text\" data-field-id=\"11\"><label class=\"wpforms-field-label\" for=\"wpforms-374-field_11\">Haben Sie schon eine andere Fremdsprache gelernt?<\/label><input type=\"text\" id=\"wpforms-374-field_11\" class=\"wpforms-field-large\" name=\"wpforms[fields][11]\" placeholder=\"Haben Sie schon eine andere Fremdsprache gelernt?\" aria-errormessage=\"wpforms-374-field_11-error\" ><\/div><\/div><div class=\"wpforms-layout-column wpforms-layout-column-50\"><div id=\"wpforms-374-field_12-container\" class=\"wpforms-field wpforms-field-text\" data-field-id=\"12\"><label class=\"wpforms-field-label\" for=\"wpforms-374-field_12\">Welche Fremdsprachen sprechen Sie?<\/label><input type=\"text\" id=\"wpforms-374-field_12\" class=\"wpforms-field-large\" name=\"wpforms[fields][12]\" placeholder=\"Welche Fremdsprachen sprechen Sie?\" aria-errormessage=\"wpforms-374-field_12-error\" ><\/div><\/div><\/div><div class=\"wpforms-layout-row\"><div class=\"wpforms-layout-column wpforms-layout-column-50\"><div id=\"wpforms-374-field_13-container\" class=\"wpforms-field wpforms-field-text\" data-field-id=\"13\"><label class=\"wpforms-field-label\" for=\"wpforms-374-field_13\">Zu welchem Zweck m\u00f6chten Sie Deutsch lernen\/ Ihre Deutschkenntnisse verbessern?<\/label><input type=\"text\" id=\"wpforms-374-field_13\" class=\"wpforms-field-large\" name=\"wpforms[fields][13]\" placeholder=\"Zu welchem Zweck m\u00f6chten Sie Deutsch lernen\/ Ihre Deutschkenntnisse verbessern?\" aria-errormessage=\"wpforms-374-field_13-error\" ><\/div><\/div><div class=\"wpforms-layout-column wpforms-layout-column-50\"><div id=\"wpforms-374-field_14-container\" class=\"wpforms-field wpforms-field-text\" data-field-id=\"14\"><label class=\"wpforms-field-label\" for=\"wpforms-374-field_14\">Welche Unterrichtszeiten w\u00fcrden Ihnen am besten passen?<\/label><input type=\"text\" id=\"wpforms-374-field_14\" class=\"wpforms-field-large\" name=\"wpforms[fields][14]\" placeholder=\"Welche Unterrichtszeiten w\u00fcrden Ihnen am besten passen?\" aria-errormessage=\"wpforms-374-field_14-error\" ><\/div><\/div><\/div><div class=\"wpforms-layout-row\"><div class=\"wpforms-layout-column wpforms-layout-column-50\"><div id=\"wpforms-374-field_15-container\" class=\"wpforms-field wpforms-field-text\" data-field-id=\"15\"><label class=\"wpforms-field-label\" for=\"wpforms-374-field_15\">M\u00f6chten Sie zweimal oder dreimal pro Woche Unterricht nehmen?<\/label><input type=\"text\" id=\"wpforms-374-field_15\" class=\"wpforms-field-large\" name=\"wpforms[fields][15]\" placeholder=\"M\u00f6chten Sie zweimal oder dreimal pro Woche Unterricht nehmen?\" aria-errormessage=\"wpforms-374-field_15-error\" ><\/div><\/div><div class=\"wpforms-layout-column wpforms-layout-column-50\"><div id=\"wpforms-374-field_16-container\" class=\"wpforms-field wpforms-field-text\" data-field-id=\"16\"><label class=\"wpforms-field-label\" for=\"wpforms-374-field_16\">Wann m\u00f6chten Sie anfangen?<\/label><input type=\"text\" id=\"wpforms-374-field_16\" class=\"wpforms-field-large\" name=\"wpforms[fields][16]\" placeholder=\"Wann m\u00f6chten Sie anfangen?\" aria-errormessage=\"wpforms-374-field_16-error\" ><\/div><\/div><\/div><\/div><\/div><div id=\"wpforms-374-field_17-container\" class=\"wpforms-field wpforms-field-textarea\" data-field-id=\"17\"><label class=\"wpforms-field-label\" for=\"wpforms-374-field_17\">Nachricht<\/label><textarea id=\"wpforms-374-field_17\" class=\"wpforms-field-medium\" name=\"wpforms[fields][17]\" placeholder=\"Nachricht\" aria-errormessage=\"wpforms-374-field_17-error\" ><\/textarea><\/div><script>\n\t\t\t\t( function() {\n\t\t\t\t\tconst style = document.createElement( 'style' );\n\t\t\t\t\tstyle.appendChild( document.createTextNode( '#wpforms-374-field_2-container { position: absolute !important; overflow: hidden !important; display: inline !important; height: 1px !important; width: 1px !important; z-index: -1000 !important; padding: 0 !important; } #wpforms-374-field_2-container input { visibility: hidden; } #wpforms-conversational-form-page #wpforms-374-field_2-container label { counter-increment: none; }' ) );\n\t\t\t\t\tdocument.head.appendChild( style );\n\t\t\t\t\tdocument.currentScript?.remove();\n\t\t\t\t} )();\n\t\t\t<\/script><\/div><!-- .wpforms-field-container --><div class=\"wpforms-submit-container\" ><input type=\"hidden\" name=\"wpforms[id]\" value=\"374\"><input type=\"hidden\" name=\"page_title\" value=\"\"><input type=\"hidden\" name=\"page_url\" value=\"https:\/\/allthatgerman.com\/de\/wp-json\/wp\/v2\/pages\/1196\"><input type=\"hidden\" name=\"url_referer\" value=\"\"><button type=\"submit\" name=\"wpforms[submit]\" id=\"wpforms-submit-374\" class=\"wpforms-submit\" data-alt-text=\"Wird gesendet...\" data-submit-text=\"Senden\" aria-live=\"assertive\" value=\"wpforms-submit\">Senden<\/button><img decoding=\"async\" src=\"https:\/\/allthatgerman.com\/wp-content\/plugins\/wpforms\/assets\/images\/submit-spin.svg\" class=\"wpforms-submit-spinner\" style=\"display: none;\" width=\"26\" height=\"26\" alt=\"Wird geladen\"><\/div><\/form><\/div>  <!-- .wpforms-container -->\t\t\t\t<\/div>\n\t\t\t\t<\/div>\n\t\t\t\t<\/div>\n\t\t\t\t<\/div>\n\t\t\t\t\t<\/div>\n\t\t\t\t<\/div>\n\t\t\t\t<\/div>\n\t\t","protected":false},"excerpt":{"rendered":"<p>KURSANMELDUNG Vielen Dank f\u00fcr Ihr Vertrauen,ich freue mich auf Ihre Anfragen. Kursanmeldung Um sich f\u00fcr den Kurs anzumelden, f\u00fcllen Sie bitte das untenstehende Formular mit Ihren Daten aus. Nach dem Absenden des Formulars werden wir Ihre Anmeldung pr\u00fcfen und uns in K\u00fcrze mit allen relevanten Informationen bei Ihnen melden. Vielen Dank f\u00fcr Ihr Interesse, und [&hellip;]<\/p>\n","protected":false},"author":1,"featured_media":0,"parent":0,"menu_order":0,"comment_status":"closed","ping_status":"closed","template":"","meta":{"_acf_changed":false,"inline_featured_image":false,"footnotes":""},"class_list":["post-1196","page","type-page","status-publish","hentry"],"acf":[],"_links":{"self":[{"href":"https:\/\/allthatgerman.com\/de\/wp-json\/wp\/v2\/pages\/1196","targetHints":{"allow":["GET"]}}],"collection":[{"href":"https:\/\/allthatgerman.com\/de\/wp-json\/wp\/v2\/pages"}],"about":[{"href":"https:\/\/allthatgerman.com\/de\/wp-json\/wp\/v2\/types\/page"}],"author":[{"embeddable":true,"href":"https:\/\/allthatgerman.com\/de\/wp-json\/wp\/v2\/users\/1"}],"replies":[{"embeddable":true,"href":"https:\/\/allthatgerman.com\/de\/wp-json\/wp\/v2\/comments?post=1196"}],"version-history":[{"count":2,"href":"https:\/\/allthatgerman.com\/de\/wp-json\/wp\/v2\/pages\/1196\/revisions"}],"predecessor-version":[{"id":1198,"href":"https:\/\/allthatgerman.com\/de\/wp-json\/wp\/v2\/pages\/1196\/revisions\/1198"}],"wp:attachment":[{"href":"https:\/\/allthatgerman.com\/de\/wp-json\/wp\/v2\/media?parent=1196"}],"curies":[{"name":"wp","href":"https:\/\/api.w.org\/{rel}","templated":true}]}}