{"id":1206,"date":"2026-01-26T13:27:32","date_gmt":"2026-01-26T13:27:32","guid":{"rendered":"https:\/\/allthatgerman.com\/product\/deutschsprachkurs-a1-2\/"},"modified":"2026-02-23T09:45:43","modified_gmt":"2026-02-23T09:45:43","slug":"deutschsprachkurs-a1-2","status":"publish","type":"product","link":"https:\/\/allthatgerman.com\/de\/product\/deutschsprachkurs-a1-2\/","title":{"rendered":"Deutschsprachkurs A1.2"},"content":{"rendered":"<p>Kann vertraute, allt\u00e4gliche Ausdr\u00fccke und ganz einfache S\u00e4tze verstehen und verwenden, die auf die Befriedigung konkreter Bed\u00fcrfnisse zielen. <br \/>Kann sich und andere vorstellen und anderen Leuten Fragen zu ihrer Person stellen \u2013 z.B. wo sie wohnen, was f\u00fcr Leute sie kennen und was f\u00fcr Dinge sie haben \u2013 und kann auf Fragen dieser Art Antwort geben. <br \/>Kann sich auf einfache Art verst\u00e4ndigen, wenn die Gespr\u00e4chspartner\/innen langsam und deutlich sprechen und bereit sind zu helfen.<\/p>\n","protected":false},"excerpt":{"rendered":"<p><strong>A1 (Anf\u00e4nger):<\/strong> Auf diesem Sprachniveau k\u00f6nnen Sie vertraute Alltagsausdr\u00fccke und einfache Grundphrasen verstehen und verwenden. Sie k\u00f6nnen sich vorstellen und einfache Fragen stellen und beantworten. <\/p>\n","protected":false},"featured_media":1207,"comment_status":"open","ping_status":"closed","template":"","meta":{"_acf_changed":false,"inline_featured_image":false},"product_brand":[],"product_cat":[45,44],"product_tag":[],"class_list":{"0":"post-1206","1":"product","2":"type-product","3":"status-publish","4":"has-post-thumbnail","6":"product_cat-a1","7":"product_cat-kurse","9":"first","10":"instock","11":"shipping-taxable","12":"purchasable","13":"product-type-simple"},"acf":[],"_links":{"self":[{"href":"https:\/\/allthatgerman.com\/de\/wp-json\/wp\/v2\/product\/1206","targetHints":{"allow":["GET"]}}],"collection":[{"href":"https:\/\/allthatgerman.com\/de\/wp-json\/wp\/v2\/product"}],"about":[{"href":"https:\/\/allthatgerman.com\/de\/wp-json\/wp\/v2\/types\/product"}],"replies":[{"embeddable":true,"href":"https:\/\/allthatgerman.com\/de\/wp-json\/wp\/v2\/comments?post=1206"}],"wp:featuredmedia":[{"embeddable":true,"href":"https:\/\/allthatgerman.com\/de\/wp-json\/wp\/v2\/media\/1207"}],"wp:attachment":[{"href":"https:\/\/allthatgerman.com\/de\/wp-json\/wp\/v2\/media?parent=1206"}],"wp:term":[{"taxonomy":"product_brand","embeddable":true,"href":"https:\/\/allthatgerman.com\/de\/wp-json\/wp\/v2\/product_brand?post=1206"},{"taxonomy":"product_cat","embeddable":true,"href":"https:\/\/allthatgerman.com\/de\/wp-json\/wp\/v2\/product_cat?post=1206"},{"taxonomy":"product_tag","embeddable":true,"href":"https:\/\/allthatgerman.com\/de\/wp-json\/wp\/v2\/product_tag?post=1206"}],"curies":[{"name":"wp","href":"https:\/\/api.w.org\/{rel}","templated":true}]}}