{"id":1214,"date":"2026-01-26T22:37:51","date_gmt":"2026-01-26T22:37:51","guid":{"rendered":"https:\/\/allthatgerman.com\/product\/deutschsprachkurs-a2-2\/"},"modified":"2026-02-23T09:44:11","modified_gmt":"2026-02-23T09:44:11","slug":"deutschsprachkurs-a2-2","status":"publish","type":"product","link":"https:\/\/allthatgerman.com\/de\/product\/deutschsprachkurs-a2-2\/","title":{"rendered":"Deutschsprachkurs A2.2"},"content":{"rendered":"<p>Kann S\u00e4tze und h\u00e4ufig gebrauchte Ausdr\u00fccke verstehen, die mit Bereichen von ganz unmittelbarer Bedeutung zusammenh\u00e4ngen (z.B. Informationen zur Person und zur Familie, Einkaufen, Arbeit, n\u00e4here Umgebung).<br \/>\nKann sich in einfachen, routinem\u00e4\u00dfigen Situationen verst\u00e4ndigen, in denen es um einen einfachen und direkten Austausch von Informationen \u00fcber vertraute und gel\u00e4ufige Dinge geht.<br \/>\nKann mit einfachen Mitteln die eigene Herkunft und Ausbildung, die direkte Umgebung und Dinge im Zusammenhang mit unmittelbaren Bed\u00fcrfnissen beschreiben.<\/p>\n","protected":false},"excerpt":{"rendered":"<p><strong>A2 (Grundstufe): <\/strong>Sie k\u00f6nnen h\u00e4ufig verwendete Ausdr\u00fccke verstehen und verwenden und einfache, direkte Informationsaustausche bew\u00e4ltigen. Sie k\u00f6nnen auch in einfachen Worten Dinge um sich herum beschreiben. <\/p>\n","protected":false},"featured_media":1215,"comment_status":"open","ping_status":"closed","template":"","meta":{"_acf_changed":false,"inline_featured_image":false},"product_brand":[],"product_cat":[46,44],"product_tag":[],"class_list":{"0":"post-1214","1":"product","2":"type-product","3":"status-publish","4":"has-post-thumbnail","6":"product_cat-a2","7":"product_cat-kurse","9":"first","10":"instock","11":"shipping-taxable","12":"purchasable","13":"product-type-simple"},"acf":[],"_links":{"self":[{"href":"https:\/\/allthatgerman.com\/de\/wp-json\/wp\/v2\/product\/1214","targetHints":{"allow":["GET"]}}],"collection":[{"href":"https:\/\/allthatgerman.com\/de\/wp-json\/wp\/v2\/product"}],"about":[{"href":"https:\/\/allthatgerman.com\/de\/wp-json\/wp\/v2\/types\/product"}],"replies":[{"embeddable":true,"href":"https:\/\/allthatgerman.com\/de\/wp-json\/wp\/v2\/comments?post=1214"}],"wp:featuredmedia":[{"embeddable":true,"href":"https:\/\/allthatgerman.com\/de\/wp-json\/wp\/v2\/media\/1215"}],"wp:attachment":[{"href":"https:\/\/allthatgerman.com\/de\/wp-json\/wp\/v2\/media?parent=1214"}],"wp:term":[{"taxonomy":"product_brand","embeddable":true,"href":"https:\/\/allthatgerman.com\/de\/wp-json\/wp\/v2\/product_brand?post=1214"},{"taxonomy":"product_cat","embeddable":true,"href":"https:\/\/allthatgerman.com\/de\/wp-json\/wp\/v2\/product_cat?post=1214"},{"taxonomy":"product_tag","embeddable":true,"href":"https:\/\/allthatgerman.com\/de\/wp-json\/wp\/v2\/product_tag?post=1214"}],"curies":[{"name":"wp","href":"https:\/\/api.w.org\/{rel}","templated":true}]}}