{"id":1218,"date":"2026-01-27T13:45:06","date_gmt":"2026-01-27T13:45:06","guid":{"rendered":"https:\/\/allthatgerman.com\/product\/deutschsprachkurs-b1-1\/"},"modified":"2026-02-23T09:43:53","modified_gmt":"2026-02-23T09:43:53","slug":"deutschsprachkurs-b1-1","status":"publish","type":"product","link":"https:\/\/allthatgerman.com\/de\/product\/deutschsprachkurs-b1-1\/","title":{"rendered":"Deutschsprachkurs B1.1"},"content":{"rendered":"<p>Kann die Hauptpunkte verstehen, wenn klare Standardsprache verwendet wird und wenn es um vertraute Dinge aus Arbeit, Schule, Freizeit usw. geht.<\/p>\n<p>Kann die Hauptpunkte verstehen, wenn klare Standardsprache verwendet wird und wenn es um vertraute Dinge aus Arbeit, Schule, Freizeit usw. geht.<\/p>\n<p>Kann sich einfach und zusammenh\u00e4ngend \u00fcber vertraute Themen und pers\u00f6nliche Interessengebiete \u00e4u\u00dfern. Kann \u00fcber Erfahrungen und Ereignisse berichten, Tr\u00e4ume, Hoffnungen und Ziele beschreiben und zu Pl\u00e4nen und Ansichten kurze Begr\u00fcndungen oder Erkl\u00e4rungen geben. <\/p>\n","protected":false},"excerpt":{"rendered":"<p><strong>B1 (untere Mittelstufe): <\/strong>Sie k\u00f6nnen die Hauptpunkte klarer \u00c4u\u00dferungen oder Texte zu vertrauten Themen verstehen und einfache zusammenh\u00e4ngende Texte zu vertrauten Themen verfassen. Sie k\u00f6nnen auch die meisten Situationen bew\u00e4ltigen, die auf Reisen in einem Sprachgebiet auftreten k\u00f6nnen. <\/p>\n","protected":false},"featured_media":1219,"comment_status":"open","ping_status":"closed","template":"","meta":{"_acf_changed":false,"inline_featured_image":false},"product_brand":[],"product_cat":[47,44],"product_tag":[],"class_list":{"0":"post-1218","1":"product","2":"type-product","3":"status-publish","4":"has-post-thumbnail","6":"product_cat-b1","7":"product_cat-kurse","9":"first","10":"instock","11":"virtual","12":"purchasable","13":"product-type-simple"},"acf":[],"_links":{"self":[{"href":"https:\/\/allthatgerman.com\/de\/wp-json\/wp\/v2\/product\/1218","targetHints":{"allow":["GET"]}}],"collection":[{"href":"https:\/\/allthatgerman.com\/de\/wp-json\/wp\/v2\/product"}],"about":[{"href":"https:\/\/allthatgerman.com\/de\/wp-json\/wp\/v2\/types\/product"}],"replies":[{"embeddable":true,"href":"https:\/\/allthatgerman.com\/de\/wp-json\/wp\/v2\/comments?post=1218"}],"wp:featuredmedia":[{"embeddable":true,"href":"https:\/\/allthatgerman.com\/de\/wp-json\/wp\/v2\/media\/1219"}],"wp:attachment":[{"href":"https:\/\/allthatgerman.com\/de\/wp-json\/wp\/v2\/media?parent=1218"}],"wp:term":[{"taxonomy":"product_brand","embeddable":true,"href":"https:\/\/allthatgerman.com\/de\/wp-json\/wp\/v2\/product_brand?post=1218"},{"taxonomy":"product_cat","embeddable":true,"href":"https:\/\/allthatgerman.com\/de\/wp-json\/wp\/v2\/product_cat?post=1218"},{"taxonomy":"product_tag","embeddable":true,"href":"https:\/\/allthatgerman.com\/de\/wp-json\/wp\/v2\/product_tag?post=1218"}],"curies":[{"name":"wp","href":"https:\/\/api.w.org\/{rel}","templated":true}]}}