{"id":1238,"date":"2026-01-27T13:53:49","date_gmt":"2026-01-27T13:53:49","guid":{"rendered":"https:\/\/allthatgerman.com\/product\/deutschsprachkurs-c1-2\/"},"modified":"2026-02-23T09:41:58","modified_gmt":"2026-02-23T09:41:58","slug":"deutschsprachkurs-c1-2","status":"publish","type":"product","link":"https:\/\/allthatgerman.com\/de\/product\/deutschsprachkurs-c1-2\/","title":{"rendered":"Deutschsprachkurs C1.2"},"content":{"rendered":"<p>Kann ein breites Spektrum anspruchsvoller, l\u00e4ngerer Texte verstehen und auch implizite Bedeutungen erfassen.<\/p>\n<p>Kann sich spontan und flie\u00dfend ausdr\u00fccken, ohne \u00f6fter deutlich erkennbar nach Worten suchen zu m\u00fcssen.<\/p>\n<p>Kann die Sprache im gesellschaftlichen und beruflichen Leben oder in Ausbildung und Studium wirksam und flexibel gebrauchen. Kann sich klar, strukturiert und ausf\u00fchrlich zu komplexen Sachverhalten \u00e4u\u00dfern und dabei verschiedene Mittel zur Textverkn\u00fcpfung angemessen verwenden. <\/p>\n","protected":false},"excerpt":{"rendered":"<p><strong>C1 (Fortgeschritten):<\/strong> Sie k\u00f6nnen ein breites Spektrum anspruchsvoller, l\u00e4ngerer Texte verstehen und sich fl\u00fcssig und spontan ausdr\u00fccken. Sie k\u00f6nnen auch klare, gut strukturierte und detaillierte Texte zu komplexen Themen verfassen. <\/p>\n","protected":false},"featured_media":1239,"comment_status":"open","ping_status":"closed","template":"","meta":{"_acf_changed":false,"inline_featured_image":false},"product_brand":[],"product_cat":[49,44],"product_tag":[],"class_list":{"0":"post-1238","1":"product","2":"type-product","3":"status-publish","4":"has-post-thumbnail","6":"product_cat-c1","7":"product_cat-kurse","9":"first","10":"instock","11":"virtual","12":"purchasable","13":"product-type-simple"},"acf":[],"_links":{"self":[{"href":"https:\/\/allthatgerman.com\/de\/wp-json\/wp\/v2\/product\/1238","targetHints":{"allow":["GET"]}}],"collection":[{"href":"https:\/\/allthatgerman.com\/de\/wp-json\/wp\/v2\/product"}],"about":[{"href":"https:\/\/allthatgerman.com\/de\/wp-json\/wp\/v2\/types\/product"}],"replies":[{"embeddable":true,"href":"https:\/\/allthatgerman.com\/de\/wp-json\/wp\/v2\/comments?post=1238"}],"wp:featuredmedia":[{"embeddable":true,"href":"https:\/\/allthatgerman.com\/de\/wp-json\/wp\/v2\/media\/1239"}],"wp:attachment":[{"href":"https:\/\/allthatgerman.com\/de\/wp-json\/wp\/v2\/media?parent=1238"}],"wp:term":[{"taxonomy":"product_brand","embeddable":true,"href":"https:\/\/allthatgerman.com\/de\/wp-json\/wp\/v2\/product_brand?post=1238"},{"taxonomy":"product_cat","embeddable":true,"href":"https:\/\/allthatgerman.com\/de\/wp-json\/wp\/v2\/product_cat?post=1238"},{"taxonomy":"product_tag","embeddable":true,"href":"https:\/\/allthatgerman.com\/de\/wp-json\/wp\/v2\/product_tag?post=1238"}],"curies":[{"name":"wp","href":"https:\/\/api.w.org\/{rel}","templated":true}]}}